{"id":316,"date":"2017-09-27T10:47:29","date_gmt":"2017-09-27T10:47:29","guid":{"rendered":"https:\/\/arba.servisvasili.al\/?page_id=316"},"modified":"2024-02-04T14:19:15","modified_gmt":"2024-02-04T14:19:15","slug":"about-us","status":"publish","type":"page","link":"https:\/\/arbashpk.al\/it\/about-us\/","title":{"rendered":"Chi siamo"},"content":{"rendered":"<section class=\"vc_section\"><div class=\"vc_row wpb_row vc_row-fluid\"><div class=\"wpb_column vc_column_container vc_col-sm-2\/5 sc_layouts_column_icons_position_left\"><div class=\"vc_column-inner\"><div class=\"wpb_wrapper\"><div class=\"vc_empty_space  sc_height_small height_small\"   style=\"height: 35px\"><span class=\"vc_empty_space_inner\"><\/span><\/div>\n\t<div  class=\"wpb_single_image wpb_content_element vc_align_left\">\n\t\t\n\t\t<figure class=\"wpb_wrapper vc_figure\">\n\t\t\t<div class=\"vc_single_image-wrapper   vc_box_border_grey\"><img fetchpriority=\"high\" decoding=\"async\" width=\"1009\" height=\"1008\" src=\"https:\/\/arbashpk.al\/wp-content\/uploads\/2024\/01\/Tetor-1.jpg\" class=\"vc_single_image-img attachment-full\" alt=\"\" title=\"Tetor 1\" srcset=\"https:\/\/arbashpk.al\/wp-content\/uploads\/2024\/01\/Tetor-1.jpg 1009w, https:\/\/arbashpk.al\/wp-content\/uploads\/2024\/01\/Tetor-1-300x300.jpg 300w, https:\/\/arbashpk.al\/wp-content\/uploads\/2024\/01\/Tetor-1-150x150.jpg 150w, https:\/\/arbashpk.al\/wp-content\/uploads\/2024\/01\/Tetor-1-768x767.jpg 768w, https:\/\/arbashpk.al\/wp-content\/uploads\/2024\/01\/Tetor-1-370x370.jpg 370w, https:\/\/arbashpk.al\/wp-content\/uploads\/2024\/01\/Tetor-1-172x172.jpg 172w, https:\/\/arbashpk.al\/wp-content\/uploads\/2024\/01\/Tetor-1-760x759.jpg 760w, https:\/\/arbashpk.al\/wp-content\/uploads\/2024\/01\/Tetor-1-634x634.jpg 634w, https:\/\/arbashpk.al\/wp-content\/uploads\/2024\/01\/Tetor-1-320x320.jpg 320w, https:\/\/arbashpk.al\/wp-content\/uploads\/2024\/01\/Tetor-1-640x640.jpg 640w, https:\/\/arbashpk.al\/wp-content\/uploads\/2024\/01\/Tetor-1-480x480.jpg 480w, https:\/\/arbashpk.al\/wp-content\/uploads\/2024\/01\/Tetor-1-960x960.jpg 960w, https:\/\/arbashpk.al\/wp-content\/uploads\/2024\/01\/Tetor-1-1268x1268.jpg 1268w\" sizes=\"(max-width: 1009px) 100vw, 1009px\" \/><\/div>\n\t\t<\/figure>\n\t<\/div>\n<\/div><\/div><\/div><div class=\"wpb_column vc_column_container vc_col-sm-3\/5 sc_layouts_column_icons_position_left\"><div class=\"vc_column-inner\"><div class=\"wpb_wrapper\"><div class=\"vc_empty_space  sc_height_large height_large\"   style=\"height: 32px\"><span class=\"vc_empty_space_inner\"><\/span><\/div><div id=\"\"\r\n\t\tclass=\"sc_title color_style_default sc_title_default\"><h6 class=\"sc_item_subtitle sc_title_subtitle sc_align_left sc_item_title_style_default\">Chi siamo<\/h6><h3 class=\"sc_item_title sc_title_title sc_align_left sc_item_title_style_default\">ARBA SHPK<\/h3><\/div><!-- \/.sc_title --><div class=\"vc_empty_space  sc_height_small height_small\"   style=\"height: 32px\"><span class=\"vc_empty_space_inner\"><\/span><\/div>\n\t<div class=\"wpb_text_column wpb_content_element\" >\n\t\t<div class=\"wpb_wrapper\">\n\t\t\t<p>ARBA SHPK \u00e8 una societ\u00e0 commerciale e un importante punto di riferimento per la clientela.<br \/>\nSi estende su una superficie di oltre 1500 mq. \u00c8 stata fondata a Durazzo nel 1999 dal signor Arben Dervish. L'azienda agli esordi si dedicava principalmente al settore degli accessori per porte e finestre in alluminio e legno. La politica dell\u2019azienda \u00e8 quella di introdurre sul mercato accessori della migliore qualit\u00e0 dei pi\u00f9 famosi marchi europei. Le ricerche di mercato nel corso degli anni ed il rapido sviluppo del Paese in ambito infrastrutturale, hanno portato la necessit\u00e0 di ampliare la gamma dei servizi introducendo il settore dell'automazione di porte, finestre e cancelli ed introducendo nuove innovazioni come l'impresa di produzione di accessori per persiane. Nel corso degli anni di attivit\u00e0 l'azienda vanta anche numerose collaborazioni con rinomate aziende come ISEO AGB PRODUCTA OMEC LAVAAL APRIMATIC e<br \/>\nmolti altri marchi. La nostra azienda si trova in una posizione ideale rispetto ai paesi<br \/>\nvicini abbastanza facilmente, ha permesso di estendere i servizi che offriamo al di fuori dei confini come in Kosovo, Montenegro e Macedonia. ARBA si propone sempre sul mercato con innovazioni, innovazioni e nuovi progetti diversificando ogni giorno la gamma dei servizi e la variet\u00e0 di scelta del prodotto ideale che soddisfa ogni esigenza che il mercato presenta. La nostra filosofia aziendale \u00e8 quella di stabilire standard nella fornitura dei prodotti che offriamo.<\/p>\n\n\t\t<\/div>\n\t<\/div>\n<div class=\"vc_empty_space  sc_height_small height_small\"   style=\"height: 32px\"><span class=\"vc_empty_space_inner\"><\/span><\/div><div class=\"vc_row wpb_row vc_inner vc_row-fluid\"><div class=\"wpb_column vc_column_container vc_col-sm-6 sc_layouts_column_icons_position_left\"><div class=\"vc_column-inner\"><div class=\"wpb_wrapper\">\n\t<div class=\"wpb_text_column wpb_content_element\" >\n\t\t<div class=\"wpb_wrapper\">\n\t\t\t<ul class=\"trx_addons_list_custom\">\n<li>Accessori per porte e finestre<\/li>\n<li>Accessories for Persian shutters<\/li>\n<\/ul>\n\n\t\t<\/div>\n\t<\/div>\n<\/div><\/div><\/div><div class=\"wpb_column vc_column_container vc_col-sm-6 sc_layouts_column_icons_position_left\"><div class=\"vc_column-inner\"><div class=\"wpb_wrapper\">\n\t<div class=\"wpb_text_column wpb_content_element\" >\n\t\t<div class=\"wpb_wrapper\">\n\t\t\t<ul class=\"trx_addons_list_custom\">\n<li>Gaskets for doors, windows and facades<\/li>\n<li>Automazione<\/li>\n<\/ul>\n\n\t\t<\/div>\n\t<\/div>\n<\/div><\/div><\/div><\/div><div class=\"vc_empty_space  sc_height_large height_large\"   style=\"height: 32px\"><span class=\"vc_empty_space_inner\"><\/span><\/div><div class=\"vc_empty_space  vc_custom_1512037122542 sc_height_large height_large\"   style=\"height: 32px\"><span class=\"vc_empty_space_inner\"><\/span><\/div><\/div><\/div><\/div><\/div><\/section><div class=\"vc_row wpb_row vc_row-fluid vc_row-o-content-middle vc_row-flex\"><div class=\"wpb_column vc_column_container vc_col-sm-3 sc_layouts_column_icons_position_left\"><div class=\"vc_column-inner\"><div class=\"wpb_wrapper\"><\/div><\/div><\/div><div class=\"wpb_column vc_column_container vc_col-sm-9 vc_col-sm-offset-1 sc_layouts_column_icons_position_left\"><div class=\"vc_column-inner\"><div class=\"wpb_wrapper\"><\/div><\/div><\/div><\/div><div data-vc-full-width=\"true\" data-vc-full-width-init=\"false\" data-vc-stretch-content=\"true\" class=\"vc_row wpb_row vc_row-fluid vc_custom_1512047648831 vc_row-has-fill vc_row-no-padding\"><div class=\"wpb_column vc_column_container vc_col-sm-12 sc_layouts_column_icons_position_left\"><div class=\"vc_column-inner\"><div class=\"wpb_wrapper\"><div class=\"vc_empty_space\"   style=\"height: 30px\"><span class=\"vc_empty_space_inner\"><\/span><\/div><\/div><\/div><\/div><\/div><div class=\"vc_row-full-width vc_clearfix\"><\/div><div data-vc-full-width=\"true\" data-vc-full-width-init=\"false\" class=\"vc_row wpb_row vc_row-fluid vc_custom_1706979927968 vc_row-has-fill\"><div class=\"wpb_column vc_column_container vc_col-sm-12 sc_layouts_column_icons_position_left\"><div class=\"vc_column-inner\"><div class=\"wpb_wrapper\"><div class=\"vc_empty_space  vc_custom_1512047763615 sc_height_large height_large\"   style=\"height: 32px\"><span class=\"vc_empty_space_inner\"><\/span><\/div><\/div><\/div><\/div><div class=\"wpb_column vc_column_container vc_col-sm-6 sc_layouts_column_icons_position_left scheme_dark\"><div class=\"vc_column-inner\"><div class=\"wpb_wrapper\"><div id=\"\"\r\n\t\tclass=\"sc_title color_style_default scheme_default sc_title_default  vc_custom_1706978510138\"><h6 class=\"sc_item_subtitle sc_title_subtitle sc_align_left sc_item_title_style_default\">Chi siamo<\/h6><h3 class=\"sc_item_title sc_title_title sc_align_left sc_item_title_style_default sc_item_title_tag\">ARBA SHPK<\/h3><\/div><!-- \/.sc_title --><div class=\"vc_empty_space  vc_custom_1512048132968 sc_height_small height_small\"   style=\"height: 32px\"><span class=\"vc_empty_space_inner\"><\/span><\/div>\n\t<div class=\"wpb_text_column wpb_content_element\" >\n\t\t<div class=\"wpb_wrapper\">\n\t\t\t<p>Tutti gli accessori che offriamo provengono dagli uffici della nostra azienda con i nostri partner italiani. Il nostro obiettivo \u00e8 garantire la massima qualit\u00e0 nei prodotti che offriamo, quindi ci siamo presi cura di portare sul mercato europeo i migliori marchi di qualit\u00e0 per fornirvi una garanzia su ogni prodotto che offriamo.<\/p>\n\n\t\t<\/div>\n\t<\/div>\n<div class=\"vc_empty_space  vc_custom_1512048284110 sc_height_tiny height_tiny\"   style=\"height: 32px\"><span class=\"vc_empty_space_inner\"><\/span><\/div><div class=\"vc_progress_bar wpb_content_element  vc_progress-bar-color-bar_grey vc_progress_bar_narrow vc_progress_bar_narrow\" ><div class=\"vc_general vc_single_bar\"><small class=\"vc_label\">Standard <span class=\"vc_label_units\">100%<\/span><\/small><span class=\"vc_bar\" data-percentage-value=\"100\" data-value=\"100\"><\/span><\/div><div class=\"vc_general vc_single_bar\"><small class=\"vc_label\">Credibilit\u00e0 <span class=\"vc_label_units\">100%<\/span><\/small><span class=\"vc_bar\" data-percentage-value=\"100\" data-value=\"100\"><\/span><\/div><div class=\"vc_general vc_single_bar\"><small class=\"vc_label\">Professionalit\u00e0 <span class=\"vc_label_units\">100%<\/span><\/small><span class=\"vc_bar\" data-percentage-value=\"100\" data-value=\"100\"><\/span><\/div><\/div><\/div><\/div><\/div><div class=\"wpb_column vc_column_container vc_col-sm-5 vc_col-sm-offset-1 sc_layouts_column_icons_position_left\"><div class=\"vc_column-inner\"><div class=\"wpb_wrapper\"><div class=\"vc_row wpb_row vc_inner vc_row-fluid\"><div class=\"wpb_column vc_column_container vc_col-sm-12 vc_hidden-lg vc_hidden-md vc_hidden-sm sc_layouts_column_icons_position_left\"><div class=\"vc_column-inner\"><div class=\"wpb_wrapper\"><div class=\"vc_empty_space  sc_height_medium height_medium\"   style=\"height: 32px\"><span class=\"vc_empty_space_inner\"><\/span><\/div><\/div><\/div><\/div><\/div><div id=\"\"\r\n\t\tclass=\"sc_content color_style_default sc_content_default sc_float_center sc_align_center sc_padding_large  vc_custom_1512048456124\"><div class=\"sc_content_container\"><div id=\"\"\r\n\t\tclass=\"sc_title color_style_default sc_title_default without_icon\"><h6 class=\"sc_item_subtitle sc_title_subtitle sc_align_center sc_item_title_style_default\">Siamo qui per aiutare<\/h6><h3 class=\"sc_item_title sc_title_title sc_align_center sc_item_title_style_default sc_item_title_tag\">Ho bisogno di un consiglio?<\/h3><\/div><!-- \/.sc_title --><div class=\"vc_empty_space  vc_custom_1512048990366 sc_height_small height_small\"   style=\"height: 32px\"><span class=\"vc_empty_space_inner\"><\/span><\/div>\n\t<div class=\"wpb_text_column wpb_content_element\" >\n\t\t<div class=\"wpb_wrapper\">\n\t\t\t<p>Scrivici<\/p>\n\n\t\t<\/div>\n\t<\/div>\n<div class=\"vc_empty_space  sc_height_small height_small\"   style=\"height: 32px\"><span class=\"vc_empty_space_inner\"><\/span><\/div><a href=\"https:\/\/arbashpk.al\/it\/contacts\/\" class=\"sc_button color_style_default sc_button_default sc_button_size_normal sc_button_with_icon sc_button_icon_right\"><span class=\"sc_button_icon\"><span class=\"icon-014_arrow-1\"><\/span><\/span><span class=\"sc_button_text\"><span class=\"sc_button_title\">richiedere una chiamata<\/span><\/span><!-- \/.sc_button_text --><\/a><!-- \/.sc_button --><div class=\"vc_empty_space  vc_custom_1512049224037 sc_height_tiny height_tiny\"   style=\"height: 32px\"><span class=\"vc_empty_space_inner\"><\/span><\/div><\/div><\/div><!-- \/.sc_content --><\/div><\/div><\/div><div class=\"wpb_column vc_column_container vc_col-sm-12 sc_layouts_column_icons_position_left\"><div class=\"vc_column-inner\"><div class=\"wpb_wrapper\"><div class=\"vc_empty_space  vc_custom_1512049228153 sc_height_huge height_huge\"   style=\"height: 32px\"><span class=\"vc_empty_space_inner\"><\/span><\/div><\/div><\/div><\/div><\/div><div class=\"vc_row-full-width vc_clearfix\"><\/div><div class=\"vc_row wpb_row vc_row-fluid\"><div class=\"wpb_column vc_column_container vc_col-sm-12 sc_layouts_column_icons_position_left\"><div class=\"vc_column-inner\"><div class=\"wpb_wrapper\"><div class=\"vc_empty_space  vc_custom_1512049228153 sc_height_huge height_huge\"   style=\"height: 32px\"><span class=\"vc_empty_space_inner\"><\/span><\/div><\/div><\/div><\/div><\/div><div class=\"vc_row wpb_row vc_row-fluid vc_custom_1706979016596 vc_row-has-fill\"><div class=\"wpb_column vc_column_container vc_col-sm-6 sc_layouts_column_icons_position_left\"><div class=\"vc_column-inner\"><div class=\"wpb_wrapper\"><div id=\"\"\r\n\t\tclass=\"sc_title color_style_default sc_title_default\"><h6 class=\"sc_item_subtitle sc_title_subtitle sc_align_left sc_item_title_style_default\">perch\u00e9 scegliere arba shpk<\/h6><h4 class=\"sc_item_title sc_title_title sc_align_left sc_item_title_style_default sc_item_title_tag\">Leader del mercato<\/h4><\/div><!-- \/.sc_title --><div class=\"vc_empty_space  sc_height_tiny height_tiny\"   style=\"height: 32px\"><span class=\"vc_empty_space_inner\"><\/span><\/div>\n\t<div class=\"wpb_text_column wpb_content_element\" >\n\t\t<div class=\"wpb_wrapper\">\n\t\t\t<p>La nostra visione \u00e8 fornire il massimo servizio ai nostri clienti soddisfacendo le loro pi\u00f9 alte aspettative!<\/p>\n\n\t\t<\/div>\n\t<\/div>\n<\/div><\/div><\/div><div class=\"wpb_column vc_column_container vc_col-sm-6 sc_layouts_column_icons_position_left\"><div class=\"vc_column-inner\"><div class=\"wpb_wrapper\">\n\t<div  class=\"wpb_single_image wpb_content_element vc_align_center\">\n\t\t\n\t\t<figure class=\"wpb_wrapper vc_figure\">\n\t\t\t<div class=\"vc_single_image-wrapper vc_box_shadow_border  vc_box_border_grey\"><img decoding=\"async\" width=\"1024\" height=\"1024\" src=\"https:\/\/arbashpk.al\/wp-content\/uploads\/2024\/01\/Janar-2-1024x1024.png\" class=\"vc_single_image-img attachment-large\" alt=\"\" title=\"Janar 2\" srcset=\"https:\/\/arbashpk.al\/wp-content\/uploads\/2024\/01\/Janar-2-1024x1024.png 1024w, https:\/\/arbashpk.al\/wp-content\/uploads\/2024\/01\/Janar-2-300x300.png 300w, https:\/\/arbashpk.al\/wp-content\/uploads\/2024\/01\/Janar-2-150x150.png 150w, https:\/\/arbashpk.al\/wp-content\/uploads\/2024\/01\/Janar-2-768x768.png 768w, https:\/\/arbashpk.al\/wp-content\/uploads\/2024\/01\/Janar-2-370x370.png 370w, https:\/\/arbashpk.al\/wp-content\/uploads\/2024\/01\/Janar-2-172x172.png 172w, https:\/\/arbashpk.al\/wp-content\/uploads\/2024\/01\/Janar-2-760x760.png 760w, https:\/\/arbashpk.al\/wp-content\/uploads\/2024\/01\/Janar-2.png 1080w\" sizes=\"(max-width: 1024px) 100vw, 1024px\" \/><\/div>\n\t\t<\/figure>\n\t<\/div>\n<\/div><\/div><\/div><\/div><div class=\"vc_row wpb_row vc_row-fluid\"><div class=\"wpb_column vc_column_container vc_col-sm-12 sc_layouts_column_icons_position_left\"><div class=\"vc_column-inner\"><div class=\"wpb_wrapper\"><div class=\"vc_empty_space  vc_custom_1512049394944 sc_height_medium height_medium\"   style=\"height: 32px\"><span class=\"vc_empty_space_inner\"><\/span><\/div><div id=\"\"\r\n\t\tclass=\"sc_title color_style_default sc_title_default\"><h6 class=\"sc_item_subtitle sc_title_subtitle sc_align_center sc_item_title_style_default\">Our<\/h6><h3 class=\"sc_item_title sc_title_title sc_align_center sc_item_title_style_default\">Partner<\/h3><\/div><!-- \/.sc_title --><div class=\"vc_empty_space  vc_custom_1512049431873 sc_height_medium height_medium\"   style=\"height: 32px\"><span class=\"vc_empty_space_inner\"><\/span><\/div><div class=\"wpb_images_carousel wpb_content_element vc_clearfix\"><div class=\"wpb_wrapper\"><div id=\"vc_images-carousel-1-1776038120\" data-ride=\"vc_carousel\" data-wrap=\"true\" style=\"width: 100%;\" data-interval=\"5000\" data-auto-height=\"yes\" data-mode=\"horizontal\" data-partial=\"false\" data-per-view=\"6\" data-hide-on-end=\"false\" class=\"vc_slide vc_images_carousel\"><div class=\"vc_carousel-inner\"><div class=\"vc_carousel-slideline\"><div class=\"vc_carousel-slideline-inner\"><div class=\"vc_item\"><div class=\"vc_inner\"><img decoding=\"async\" width=\"300\" height=\"200\" src=\"https:\/\/arbashpk.al\/wp-content\/uploads\/2024\/01\/uniflex.png\" class=\"attachment-full\" alt=\"\" title=\"uniflex\" \/><\/div><\/div><div class=\"vc_item\"><div class=\"vc_inner\"><img loading=\"lazy\" decoding=\"async\" width=\"300\" height=\"200\" src=\"https:\/\/arbashpk.al\/wp-content\/uploads\/2024\/01\/ragni.png\" class=\"attachment-full\" alt=\"\" title=\"ragni\" \/><\/div><\/div><div class=\"vc_item\"><div class=\"vc_inner\"><img loading=\"lazy\" decoding=\"async\" width=\"300\" height=\"200\" src=\"https:\/\/arbashpk.al\/wp-content\/uploads\/2024\/01\/potent.png\" class=\"attachment-full\" alt=\"\" title=\"potent\" \/><\/div><\/div><div class=\"vc_item\"><div class=\"vc_inner\"><img loading=\"lazy\" decoding=\"async\" width=\"300\" height=\"200\" src=\"https:\/\/arbashpk.al\/wp-content\/uploads\/2024\/01\/omec.png\" class=\"attachment-full\" alt=\"\" title=\"omec\" \/><\/div><\/div><div class=\"vc_item\"><div class=\"vc_inner\"><img loading=\"lazy\" decoding=\"async\" width=\"300\" height=\"200\" src=\"https:\/\/arbashpk.al\/wp-content\/uploads\/2024\/01\/new-logo-fratelli-mariani.jpg\" class=\"attachment-full\" alt=\"\" title=\"new-logo-fratelli-mariani\" \/><\/div><\/div><div class=\"vc_item\"><div class=\"vc_inner\"><img loading=\"lazy\" decoding=\"async\" width=\"300\" height=\"200\" src=\"https:\/\/arbashpk.al\/wp-content\/uploads\/2024\/01\/lavaal.jpg\" class=\"attachment-full\" alt=\"\" title=\"lavaal\" \/><\/div><\/div><div class=\"vc_item\"><div class=\"vc_inner\"><img loading=\"lazy\" decoding=\"async\" width=\"300\" height=\"200\" src=\"https:\/\/arbashpk.al\/wp-content\/uploads\/2024\/01\/iseo.png\" class=\"attachment-full\" alt=\"\" title=\"iseo\" \/><\/div><\/div><div class=\"vc_item\"><div class=\"vc_inner\"><img loading=\"lazy\" decoding=\"async\" width=\"300\" height=\"200\" src=\"https:\/\/arbashpk.al\/wp-content\/uploads\/2024\/01\/giesse.png\" class=\"attachment-full\" alt=\"\" title=\"giesse\" \/><\/div><\/div><div class=\"vc_item\"><div class=\"vc_inner\"><img loading=\"lazy\" decoding=\"async\" width=\"300\" height=\"200\" src=\"https:\/\/arbashpk.al\/wp-content\/uploads\/2024\/01\/ff.jpg\" class=\"attachment-full\" alt=\"\" title=\"ff\" \/><\/div><\/div><div class=\"vc_item\"><div class=\"vc_inner\"><img loading=\"lazy\" decoding=\"async\" width=\"300\" height=\"200\" src=\"https:\/\/arbashpk.al\/wp-content\/uploads\/2024\/01\/fadex.png\" class=\"attachment-full\" alt=\"\" title=\"fadex\" \/><\/div><\/div><div class=\"vc_item\"><div class=\"vc_inner\"><img loading=\"lazy\" decoding=\"async\" width=\"300\" height=\"200\" src=\"https:\/\/arbashpk.al\/wp-content\/uploads\/2024\/01\/comit.png\" class=\"attachment-full\" alt=\"\" title=\"comit\" \/><\/div><\/div><div class=\"vc_item\"><div class=\"vc_inner\"><img loading=\"lazy\" decoding=\"async\" width=\"300\" height=\"200\" src=\"https:\/\/arbashpk.al\/wp-content\/uploads\/2024\/01\/cisa.png\" class=\"attachment-full\" alt=\"\" title=\"cisa\" \/><\/div><\/div><div class=\"vc_item\"><div class=\"vc_inner\"><img loading=\"lazy\" decoding=\"async\" width=\"300\" height=\"200\" src=\"https:\/\/arbashpk.al\/wp-content\/uploads\/2024\/01\/carnimeoferramentavettoriale-1024x262-1.jpg\" class=\"attachment-full\" alt=\"\" title=\"carnimeoferramentavettoriale-1024x262\" \/><\/div><\/div><div class=\"vc_item\"><div class=\"vc_inner\"><img loading=\"lazy\" decoding=\"async\" width=\"300\" height=\"200\" src=\"https:\/\/arbashpk.al\/wp-content\/uploads\/2024\/01\/automotion.jpg\" class=\"attachment-full\" alt=\"\" title=\"automotion\" \/><\/div><\/div><div class=\"vc_item\"><div class=\"vc_inner\"><img loading=\"lazy\" decoding=\"async\" width=\"300\" height=\"200\" src=\"https:\/\/arbashpk.al\/wp-content\/uploads\/2024\/01\/aprimatic.png\" class=\"attachment-full\" alt=\"\" title=\"aprimatic\" \/><\/div><\/div><div class=\"vc_item\"><div class=\"vc_inner\"><img loading=\"lazy\" decoding=\"async\" width=\"300\" height=\"200\" src=\"https:\/\/arbashpk.al\/wp-content\/uploads\/2024\/01\/agb.png\" class=\"attachment-full\" alt=\"\" title=\"agb\" \/><\/div><\/div><div class=\"vc_item\"><div class=\"vc_inner\"><img loading=\"lazy\" decoding=\"async\" width=\"300\" height=\"200\" src=\"https:\/\/arbashpk.al\/wp-content\/uploads\/2024\/01\/adfors.png\" class=\"attachment-full\" alt=\"\" title=\"adfors\" \/><\/div><\/div><div class=\"vc_item\"><div class=\"vc_inner\"><img loading=\"lazy\" decoding=\"async\" width=\"300\" height=\"200\" src=\"https:\/\/arbashpk.al\/wp-content\/uploads\/2024\/01\/648-cervellini-armenia.jpg\" class=\"attachment-full\" alt=\"\" title=\"648-cervellini-armenia\" \/><\/div><\/div><\/div><\/div><\/div><a class=\"vc_left vc_carousel-control\" href=\"#vc_images-carousel-1-1776038120\" data-slide=\"prev\"><span class=\"icon-prev\"><\/span><\/a><a class=\"vc_right vc_carousel-control\" href=\"#vc_images-carousel-1-1776038120\" data-slide=\"next\"><span class=\"icon-next\"><\/span><\/a><\/div><\/div><\/div><\/div><\/div><\/div><\/div>","protected":false},"excerpt":{"rendered":"About usARBA SHPK ARBA SHPK is a trading company and an important point of reference for the clientele. It covers an area of over 1500 m2. It was founded in Durr\u00ebs in 1999 by Mr. Arben Dervish. The company in its beginnings was mainly devoted to the sector of door accessories and aluminum and wood windows. The company's policy is&hellip;","protected":false},"author":1,"featured_media":0,"parent":0,"menu_order":0,"comment_status":"closed","ping_status":"closed","template":"","meta":{"footnotes":""},"class_list":["post-316","page","type-page","status-publish","hentry"],"_links":{"self":[{"href":"https:\/\/arbashpk.al\/it\/wp-json\/wp\/v2\/pages\/316","targetHints":{"allow":["GET"]}}],"collection":[{"href":"https:\/\/arbashpk.al\/it\/wp-json\/wp\/v2\/pages"}],"about":[{"href":"https:\/\/arbashpk.al\/it\/wp-json\/wp\/v2\/types\/page"}],"author":[{"embeddable":true,"href":"https:\/\/arbashpk.al\/it\/wp-json\/wp\/v2\/users\/1"}],"replies":[{"embeddable":true,"href":"https:\/\/arbashpk.al\/it\/wp-json\/wp\/v2\/comments?post=316"}],"version-history":[{"count":70,"href":"https:\/\/arbashpk.al\/it\/wp-json\/wp\/v2\/pages\/316\/revisions"}],"predecessor-version":[{"id":1898,"href":"https:\/\/arbashpk.al\/it\/wp-json\/wp\/v2\/pages\/316\/revisions\/1898"}],"wp:attachment":[{"href":"https:\/\/arbashpk.al\/it\/wp-json\/wp\/v2\/media?parent=316"}],"curies":[{"name":"wp","href":"https:\/\/api.w.org\/{rel}","templated":true}]}}