{"id":1713,"date":"2024-01-24T20:44:59","date_gmt":"2024-01-24T20:44:59","guid":{"rendered":"https:\/\/arba.servisvasili.al\/?page_id=1713"},"modified":"2024-02-04T14:16:41","modified_gmt":"2024-02-04T14:16:41","slug":"our-services","status":"publish","type":"page","link":"https:\/\/arbashpk.al\/sq\/our-services\/","title":{"rendered":"Sh\u00ebrbimet"},"content":{"rendered":"<div class=\"vc_row wpb_row vc_row-fluid\"><div class=\"wpb_column vc_column_container vc_col-sm-12 sc_layouts_column_icons_position_left\"><div class=\"vc_column-inner\"><div class=\"wpb_wrapper\"><div class=\"vc_empty_space  vc_custom_1512050127651 sc_height_medium height_medium\"   style=\"height: 32px\"><span class=\"vc_empty_space_inner\"><\/span><\/div><div class=\"sc_services color_style_default sc_services_default sc_services_featured_top\"><h6 class=\"sc_item_subtitle sc_services_subtitle sc_align_center sc_item_title_style_default\">cfare ne ofrojme<\/h6><h3 class=\"sc_item_title sc_services_title sc_align_center sc_item_title_style_default\">Eksploroni<br> Sh\u00ebrbimet dhe Produktet<\/h3><div class=\"sc_services_columns_wrap sc_item_columns sc_item_columns_2 trx_addons_columns_wrap columns_padding_bottom\"><div class=\"trx_addons_column-1_2\"><div class=\"sc_services_item with_content with_image sc_services_item_featured_top\">\r\n\t<div class=\"post_featured with_thumb hover_dots sc_services_item_thumb\"><img fetchpriority=\"high\" decoding=\"async\" width=\"872\" height=\"505\" src=\"https:\/\/arbashpk.al\/wp-content\/uploads\/2017\/09\/Foto-0.jpg\" class=\"attachment-chrimson-thumb-huge size-chrimson-thumb-huge wp-post-image\" alt=\"\" srcset=\"https:\/\/arbashpk.al\/wp-content\/uploads\/2017\/09\/Foto-0.jpg 872w, https:\/\/arbashpk.al\/wp-content\/uploads\/2017\/09\/Foto-0-300x174.jpg 300w, https:\/\/arbashpk.al\/wp-content\/uploads\/2017\/09\/Foto-0-768x445.jpg 768w, https:\/\/arbashpk.al\/wp-content\/uploads\/2017\/09\/Foto-0-370x214.jpg 370w, https:\/\/arbashpk.al\/wp-content\/uploads\/2017\/09\/Foto-0-760x440.jpg 760w\" sizes=\"(max-width: 872px) 100vw, 872px\" \/><div class=\"mask\"><\/div><a href=\"https:\/\/arbashpk.al\/sq\/services\/accesories-for-windows-and-doors\/\" aria-hidden=\"true\" class=\"icons\"><span><\/span><span><\/span><span><\/span><\/a><\/div>\t\r\n\t<div class=\"sc_services_item_info\">\r\n\t\t<div class=\"sc_services_item_header\">\r\n\t\t\t<h4 class=\"sc_services_item_title\"><a href=\"https:\/\/arbashpk.al\/sq\/services\/accesories-for-windows-and-doors\/\">Aksesor\u00eb p\u00ebr dritare dhe dyer<\/a><\/h4>\r\n\t\t\t<div class=\"sc_services_item_subtitle\"><a href=\"https:\/\/arbashpk.al\/sq\/services_group\/main-services\/\" title=\"View all posts in Main Services\">Sh\u00ebrbimet kryesore<\/a><\/div>\r\n\t\t<\/div>\r\n\t\t\t\t\t<div class=\"sc_services_item_content\"><p>Kompania jon\u00eb ofron nj\u00eb gam\u00eb shum\u00eb t\u00eb gjer\u00eb aksesor\u00ebsh p\u00ebr dyer dhe dritare p\u00ebr profile t\u00eb ndryshme prej alumini, PVC, druri dhe hekuri. T\u00eb gjith\u00eb aksesor\u00ebt q\u00eb ofrojm\u00eb vijn\u00eb nga p\u00ebrfaq\u00ebsuesit e kompanis\u00eb son\u00eb me partner\u00ebt tan\u00eb italian\u00eb. Objektivi yn\u00eb \u00ebsht\u00eb t\u00eb sigurojm\u00eb cil\u00ebsi maksimale n\u00eb produktet q\u00eb ofrojm\u00eb, ndaj jemi kujdesur t\u00eb sjellim\u2026<\/p>\n<\/div>\r\n\t\t\t<div class=\"sc_services_item_button sc_item_button\"><a href=\"https:\/\/arbashpk.al\/sq\/services\/accesories-for-windows-and-doors\/\" class=\"sc_button sc_button_simple\">Learn more<\/a><\/div>\r\n\t\t\t<\/div>\r\n<\/div>\r\n<\/div><div class=\"trx_addons_column-1_2\"><div class=\"sc_services_item with_content with_image sc_services_item_featured_top\">\r\n\t<div class=\"post_featured with_thumb hover_dots sc_services_item_thumb\"><img decoding=\"async\" width=\"700\" height=\"500\" src=\"https:\/\/arbashpk.al\/wp-content\/uploads\/2017\/09\/Foto-1.jpg\" class=\"attachment-chrimson-thumb-huge size-chrimson-thumb-huge wp-post-image\" alt=\"\" srcset=\"https:\/\/arbashpk.al\/wp-content\/uploads\/2017\/09\/Foto-1.jpg 700w, https:\/\/arbashpk.al\/wp-content\/uploads\/2017\/09\/Foto-1-300x214.jpg 300w, https:\/\/arbashpk.al\/wp-content\/uploads\/2017\/09\/Foto-1-370x264.jpg 370w\" sizes=\"(max-width: 700px) 100vw, 700px\" \/><div class=\"mask\"><\/div><a href=\"https:\/\/arbashpk.al\/sq\/services\/planning-projects\/\" aria-hidden=\"true\" class=\"icons\"><span><\/span><span><\/span><span><\/span><\/a><\/div>\t\r\n\t<div class=\"sc_services_item_info\">\r\n\t\t<div class=\"sc_services_item_header\">\r\n\t\t\t<h4 class=\"sc_services_item_title\"><a href=\"https:\/\/arbashpk.al\/sq\/services\/planning-projects\/\">Automatizimi<\/a><\/h4>\r\n\t\t\t<div class=\"sc_services_item_subtitle\"><a href=\"https:\/\/arbashpk.al\/sq\/services_group\/main-services\/\" title=\"View all posts in Main Services\">Sh\u00ebrbimet kryesore<\/a><\/div>\r\n\t\t<\/div>\r\n\t\t\t\t\t<div class=\"sc_services_item_content\"><p>Kompania jon\u00eb ofron n\u00eb tregun shqiptar t\u00eb gjith\u00eb gam\u00ebn e kompanis\u00eb prestigjioze Aprimatic ekskluzivisht. P\u00ebr produkte speciale kryejm\u00eb porosi q\u00eb mb\u00ebrrijn\u00eb brenda 1 jave. Motor\u00eb dhe aksesor\u00eb p\u00ebr grila automatike. Motor\u00eb dhe aksesor\u00eb p\u00ebr grila automatike. Motor\u00eb dhe aksesor\u00eb p\u00ebr portat rr\u00ebshqit\u00ebse. Motor\u00eb dhe aksesor\u00eb p\u00ebr portat l\u00ebviz\u00ebse. Porta me fotocela. Motor\u00eb dhe aksesor\u00eb p\u00ebr pjes\u00ebn e sip\u00ebrme\u2026<\/p>\n<\/div>\r\n\t\t\t<div class=\"sc_services_item_button sc_item_button\"><a href=\"https:\/\/arbashpk.al\/sq\/services\/planning-projects\/\" class=\"sc_button sc_button_simple\">Learn more<\/a><\/div>\r\n\t\t\t<\/div>\r\n<\/div>\r\n<\/div><div class=\"trx_addons_column-1_2\"><div class=\"sc_services_item with_content with_image sc_services_item_featured_top\">\r\n\t<div class=\"post_featured with_thumb hover_dots sc_services_item_thumb\"><img decoding=\"async\" width=\"1170\" height=\"658\" src=\"https:\/\/arbashpk.al\/wp-content\/uploads\/2017\/09\/IMG_8711.jpg\" class=\"attachment-chrimson-thumb-huge size-chrimson-thumb-huge wp-post-image\" alt=\"\" srcset=\"https:\/\/arbashpk.al\/wp-content\/uploads\/2017\/09\/IMG_8711.jpg 1170w, https:\/\/arbashpk.al\/wp-content\/uploads\/2017\/09\/IMG_8711-300x169.jpg 300w, https:\/\/arbashpk.al\/wp-content\/uploads\/2017\/09\/IMG_8711-1024x576.jpg 1024w, https:\/\/arbashpk.al\/wp-content\/uploads\/2017\/09\/IMG_8711-768x432.jpg 768w, https:\/\/arbashpk.al\/wp-content\/uploads\/2017\/09\/IMG_8711-370x208.jpg 370w, https:\/\/arbashpk.al\/wp-content\/uploads\/2017\/09\/IMG_8711-760x427.jpg 760w, https:\/\/arbashpk.al\/wp-content\/uploads\/2017\/09\/IMG_8711-270x152.jpg 270w\" sizes=\"(max-width: 1170px) 100vw, 1170px\" \/><div class=\"mask\"><\/div><a href=\"https:\/\/arbashpk.al\/sq\/services\/doors-services\/\" aria-hidden=\"true\" class=\"icons\"><span><\/span><span><\/span><span><\/span><\/a><\/div>\t\r\n\t<div class=\"sc_services_item_info\">\r\n\t\t<div class=\"sc_services_item_header\">\r\n\t\t\t<h4 class=\"sc_services_item_title\"><a href=\"https:\/\/arbashpk.al\/sq\/services\/doors-services\/\">Aksesor\u00eb p\u00ebr grila persiane<\/a><\/h4>\r\n\t\t\t<div class=\"sc_services_item_subtitle\"><a href=\"https:\/\/arbashpk.al\/sq\/services_group\/main-services\/\" title=\"View all posts in Main Services\">Sh\u00ebrbimet kryesore<\/a><\/div>\r\n\t\t<\/div>\r\n\t\t\t\t\t<div class=\"sc_services_item_content\"><p>Mekanizmat p\u00ebr persisht. T\u00eb gjith\u00eb aksesor\u00ebt ofrohen sipas standardeve m\u00eb t\u00eb larta teknologjike dhe cil\u00ebsore. Mekanizma p\u00ebr grila 25\u2032. Mekanizma p\u00ebr grila 36\u2032.<\/p>\n<\/div>\r\n\t\t\t<div class=\"sc_services_item_button sc_item_button\"><a href=\"https:\/\/arbashpk.al\/sq\/services\/doors-services\/\" class=\"sc_button sc_button_simple\">Learn more<\/a><\/div>\r\n\t\t\t<\/div>\r\n<\/div>\r\n<\/div><div class=\"trx_addons_column-1_2\"><div class=\"sc_services_item with_content with_image sc_services_item_featured_top\">\r\n\t<div class=\"post_featured with_thumb hover_dots sc_services_item_thumb\"><img loading=\"lazy\" decoding=\"async\" width=\"600\" height=\"399\" src=\"https:\/\/arbashpk.al\/wp-content\/uploads\/2017\/09\/IMG_5671.jpg\" class=\"attachment-chrimson-thumb-huge size-chrimson-thumb-huge wp-post-image\" alt=\"\" srcset=\"https:\/\/arbashpk.al\/wp-content\/uploads\/2017\/09\/IMG_5671.jpg 600w, https:\/\/arbashpk.al\/wp-content\/uploads\/2017\/09\/IMG_5671-300x200.jpg 300w, https:\/\/arbashpk.al\/wp-content\/uploads\/2017\/09\/IMG_5671-370x246.jpg 370w\" sizes=\"(max-width: 600px) 100vw, 600px\" \/><div class=\"mask\"><\/div><a href=\"https:\/\/arbashpk.al\/sq\/services\/express-service\/\" aria-hidden=\"true\" class=\"icons\"><span><\/span><span><\/span><span><\/span><\/a><\/div>\t\r\n\t<div class=\"sc_services_item_info\">\r\n\t\t<div class=\"sc_services_item_header\">\r\n\t\t\t<h4 class=\"sc_services_item_title\"><a href=\"https:\/\/arbashpk.al\/sq\/services\/express-service\/\">Gaskets for doors , windows and facades<\/a><\/h4>\r\n\t\t\t<div class=\"sc_services_item_subtitle\"><a href=\"https:\/\/arbashpk.al\/sq\/services_group\/main-services\/\" title=\"View all posts in Main Services\">Sh\u00ebrbimet kryesore<\/a><\/div>\r\n\t\t<\/div>\r\n\t\t\t\t\t<div class=\"sc_services_item_content\"><p>Our company offers a very wide range of gaskets for profiles in aluminum, PVC, wood as well as in the industrial sector. All the gaskets that our company offers are produced by the latest technology machines, making it possible to offer the best quality products in market, resistant to all atmospheric factors in the most extreme temperatures. Our company, thanks&hellip;<\/p>\n<\/div>\r\n\t\t\t<div class=\"sc_services_item_button sc_item_button\"><a href=\"https:\/\/arbashpk.al\/sq\/services\/express-service\/\" class=\"sc_button sc_button_simple\">Learn more<\/a><\/div>\r\n\t\t\t<\/div>\r\n<\/div>\r\n<\/div><\/div><\/div><!-- \/.sc_services --><div class=\"vc_empty_space  vc_custom_1512055373859 sc_height_large height_large\"   style=\"height: 32px\"><span class=\"vc_empty_space_inner\"><\/span><\/div><\/div><\/div><\/div><\/div><div data-vc-full-width=\"true\" data-vc-full-width-init=\"false\" data-vc-stretch-content=\"true\" class=\"vc_row wpb_row vc_row-fluid vc_custom_1512057179915 vc_row-has-fill vc_row-no-padding\"><div class=\"wpb_column vc_column_container vc_col-sm-12 sc_layouts_column_icons_position_left\"><div class=\"vc_column-inner\"><div class=\"wpb_wrapper\"><div class=\"vc_empty_space\"   style=\"height: 30px\"><span class=\"vc_empty_space_inner\"><\/span><\/div><\/div><\/div><\/div><\/div><div class=\"vc_row-full-width vc_clearfix\"><\/div><div data-vc-full-width=\"true\" data-vc-full-width-init=\"false\" data-vc-stretch-content=\"true\" class=\"vc_row wpb_row vc_row-fluid vc_custom_1707055552229 vc_row-has-fill vc_row-no-padding\"><div class=\"wpb_column vc_column_container vc_col-sm-12 sc_layouts_column_icons_position_left\"><div class=\"vc_column-inner\"><div class=\"wpb_wrapper\"><div class=\"vc_empty_space  sc_height_tiny height_tiny\"   style=\"height: 32px\"><span class=\"vc_empty_space_inner\"><\/span><\/div><div id=\"\"\r\n\t\tclass=\"sc_title color_style_default sc_title_default\"><h6 class=\"sc_item_subtitle sc_title_subtitle sc_align_center sc_item_title_style_default\">Arba shpk<\/h6><h3 class=\"sc_item_title sc_title_title sc_align_center sc_item_title_style_default sc_item_title_tag\">Si mund t\u00eb blini?<\/h3><\/div><!-- \/.sc_title --><div class=\"vc_row wpb_row vc_inner vc_row-fluid\"><div class=\"wpb_column vc_column_container vc_col-sm-4 sc_layouts_column_icons_position_left\"><div class=\"vc_column-inner\"><div class=\"wpb_wrapper\"><div class=\"vc_empty_space  sc_height_tiny height_tiny\"   style=\"height: 32px\"><span class=\"vc_empty_space_inner\"><\/span><\/div><div class=\"vc_icon_element vc_icon_element-outer vc_icon_element-align-center vc_icon_element-have-style\"><div class=\"vc_icon_element-inner vc_icon_element-color-blue vc_icon_element-have-style-inner vc_icon_element-size-lg vc_icon_element-style-rounded-outline vc_icon_element-outline vc_icon_element-background-color-grey\" ><span class=\"vc_icon_element-icon fas fa-cash-register\" ><\/span><a class=\"vc_icon_element-link\" href=\"http:\/\/shop.arbashpk.al\/\"  title=\"\" target=\"_blank\"><\/a><\/div><\/div><div id=\"\"\r\n\t\tclass=\"sc_title color_style_default sc_title_default\"><h4 class=\"sc_item_title sc_title_title sc_align_center sc_item_title_style_default sc_item_title_tag\">REGJISTROHU<\/h4><\/div><!-- \/.sc_title --><\/div><\/div><\/div><div class=\"wpb_column vc_column_container vc_col-sm-4 sc_layouts_column_icons_position_left\"><div class=\"vc_column-inner\"><div class=\"wpb_wrapper\"><div class=\"vc_empty_space  sc_height_tiny height_tiny\"   style=\"height: 32px\"><span class=\"vc_empty_space_inner\"><\/span><\/div><div class=\"vc_icon_element vc_icon_element-outer vc_icon_element-align-center vc_icon_element-have-style\"><div class=\"vc_icon_element-inner vc_icon_element-color-blue vc_icon_element-have-style-inner vc_icon_element-size-lg vc_icon_element-style-rounded-outline vc_icon_element-outline vc_icon_element-background-color-grey\" ><span class=\"vc_icon_element-icon fas fa-sign-in-alt\" ><\/span><a class=\"vc_icon_element-link\" href=\"http:\/\/shop.arbashpk.al\/\"  title=\"\" target=\"_blank\"><\/a><\/div><\/div><div id=\"\"\r\n\t\tclass=\"sc_title color_style_default sc_title_default\"><h4 class=\"sc_item_title sc_title_title sc_align_center sc_item_title_style_default sc_item_title_tag\">IDENTIFIKOHU<\/h4><\/div><!-- \/.sc_title --><\/div><\/div><\/div><div class=\"wpb_column vc_column_container vc_col-sm-4 sc_layouts_column_icons_position_left\"><div class=\"vc_column-inner\"><div class=\"wpb_wrapper\"><div class=\"vc_empty_space  sc_height_tiny height_tiny\"   style=\"height: 32px\"><span class=\"vc_empty_space_inner\"><\/span><\/div><div class=\"vc_icon_element vc_icon_element-outer vc_icon_element-align-center vc_icon_element-have-style\"><div class=\"vc_icon_element-inner vc_icon_element-color-blue vc_icon_element-have-style-inner vc_icon_element-size-lg vc_icon_element-style-rounded-outline vc_icon_element-outline vc_icon_element-background-color-grey\" ><span class=\"vc_icon_element-icon fas fa-shopping-cart\" ><\/span><a class=\"vc_icon_element-link\" href=\"http:\/\/shop.arbashpk.al\/\"  title=\"\" target=\"_blank\"><\/a><\/div><\/div><div id=\"\"\r\n\t\tclass=\"sc_title color_style_default sc_title_default\"><h4 class=\"sc_item_title sc_title_title sc_align_center sc_item_title_style_default sc_item_title_tag\">POROSIT PRODUKT<\/h4><\/div><!-- \/.sc_title --><\/div><\/div><\/div><\/div><div class=\"vc_empty_space  sc_height_medium height_medium\"   style=\"height: 32px\"><span class=\"vc_empty_space_inner\"><\/span><\/div><\/div><\/div><\/div><\/div><div class=\"vc_row-full-width vc_clearfix\"><\/div><div class=\"vc_row wpb_row vc_row-fluid\"><div class=\"wpb_column vc_column_container vc_col-sm-12 sc_layouts_column_icons_position_left\"><div class=\"vc_column-inner\"><div class=\"wpb_wrapper\"><div class=\"vc_empty_space  sc_height_large height_large\"   style=\"height: 32px\"><span class=\"vc_empty_space_inner\"><\/span><\/div><\/div><\/div><\/div><\/div>","protected":false},"excerpt":{"rendered":"Our company offers a very wide range of gaskets for profiles in aluminum, PVC, wood as well as in the industrial sector. All the gaskets that our company offers are produced by the latest technology machines, making it possible to offer the best quality products in market, resistant to all atmospheric factors in the most extreme temperatures. Our company, thanks&hellip;","protected":false},"author":1,"featured_media":0,"parent":0,"menu_order":0,"comment_status":"closed","ping_status":"closed","template":"","meta":{"footnotes":""},"class_list":["post-1713","page","type-page","status-publish","hentry"],"_links":{"self":[{"href":"https:\/\/arbashpk.al\/sq\/wp-json\/wp\/v2\/pages\/1713","targetHints":{"allow":["GET"]}}],"collection":[{"href":"https:\/\/arbashpk.al\/sq\/wp-json\/wp\/v2\/pages"}],"about":[{"href":"https:\/\/arbashpk.al\/sq\/wp-json\/wp\/v2\/types\/page"}],"author":[{"embeddable":true,"href":"https:\/\/arbashpk.al\/sq\/wp-json\/wp\/v2\/users\/1"}],"replies":[{"embeddable":true,"href":"https:\/\/arbashpk.al\/sq\/wp-json\/wp\/v2\/comments?post=1713"}],"version-history":[{"count":14,"href":"https:\/\/arbashpk.al\/sq\/wp-json\/wp\/v2\/pages\/1713\/revisions"}],"predecessor-version":[{"id":1897,"href":"https:\/\/arbashpk.al\/sq\/wp-json\/wp\/v2\/pages\/1713\/revisions\/1897"}],"wp:attachment":[{"href":"https:\/\/arbashpk.al\/sq\/wp-json\/wp\/v2\/media?parent=1713"}],"curies":[{"name":"wp","href":"https:\/\/api.w.org\/{rel}","templated":true}]}}