{"id":316,"date":"2017-09-27T10:47:29","date_gmt":"2017-09-27T10:47:29","guid":{"rendered":"https:\/\/arba.servisvasili.al\/?page_id=316"},"modified":"2024-02-04T14:19:15","modified_gmt":"2024-02-04T14:19:15","slug":"about-us","status":"publish","type":"page","link":"https:\/\/arbashpk.al\/sq\/about-us\/","title":{"rendered":"Rreth nesh"},"content":{"rendered":"<section class=\"vc_section\"><div class=\"vc_row wpb_row vc_row-fluid\"><div class=\"wpb_column vc_column_container vc_col-sm-2\/5 sc_layouts_column_icons_position_left\"><div class=\"vc_column-inner\"><div class=\"wpb_wrapper\"><div class=\"vc_empty_space  sc_height_small height_small\"   style=\"height: 35px\"><span class=\"vc_empty_space_inner\"><\/span><\/div>\n\t<div  class=\"wpb_single_image wpb_content_element vc_align_left\">\n\t\t\n\t\t<figure class=\"wpb_wrapper vc_figure\">\n\t\t\t<div class=\"vc_single_image-wrapper   vc_box_border_grey\"><img fetchpriority=\"high\" decoding=\"async\" width=\"1009\" height=\"1008\" src=\"https:\/\/arbashpk.al\/wp-content\/uploads\/2024\/01\/Tetor-1.jpg\" class=\"vc_single_image-img attachment-full\" alt=\"\" title=\"Tetor 1\" srcset=\"https:\/\/arbashpk.al\/wp-content\/uploads\/2024\/01\/Tetor-1.jpg 1009w, https:\/\/arbashpk.al\/wp-content\/uploads\/2024\/01\/Tetor-1-300x300.jpg 300w, https:\/\/arbashpk.al\/wp-content\/uploads\/2024\/01\/Tetor-1-150x150.jpg 150w, https:\/\/arbashpk.al\/wp-content\/uploads\/2024\/01\/Tetor-1-768x767.jpg 768w, https:\/\/arbashpk.al\/wp-content\/uploads\/2024\/01\/Tetor-1-370x370.jpg 370w, https:\/\/arbashpk.al\/wp-content\/uploads\/2024\/01\/Tetor-1-172x172.jpg 172w, https:\/\/arbashpk.al\/wp-content\/uploads\/2024\/01\/Tetor-1-760x759.jpg 760w, https:\/\/arbashpk.al\/wp-content\/uploads\/2024\/01\/Tetor-1-634x634.jpg 634w, https:\/\/arbashpk.al\/wp-content\/uploads\/2024\/01\/Tetor-1-320x320.jpg 320w, https:\/\/arbashpk.al\/wp-content\/uploads\/2024\/01\/Tetor-1-640x640.jpg 640w, https:\/\/arbashpk.al\/wp-content\/uploads\/2024\/01\/Tetor-1-480x480.jpg 480w, https:\/\/arbashpk.al\/wp-content\/uploads\/2024\/01\/Tetor-1-960x960.jpg 960w, https:\/\/arbashpk.al\/wp-content\/uploads\/2024\/01\/Tetor-1-1268x1268.jpg 1268w\" sizes=\"(max-width: 1009px) 100vw, 1009px\" \/><\/div>\n\t\t<\/figure>\n\t<\/div>\n<\/div><\/div><\/div><div class=\"wpb_column vc_column_container vc_col-sm-3\/5 sc_layouts_column_icons_position_left\"><div class=\"vc_column-inner\"><div class=\"wpb_wrapper\"><div class=\"vc_empty_space  sc_height_large height_large\"   style=\"height: 32px\"><span class=\"vc_empty_space_inner\"><\/span><\/div><div id=\"\"\r\n\t\tclass=\"sc_title color_style_default sc_title_default\"><h6 class=\"sc_item_subtitle sc_title_subtitle sc_align_left sc_item_title_style_default\">Rreth nesh<\/h6><h3 class=\"sc_item_title sc_title_title sc_align_left sc_item_title_style_default\">ARBA SHPK<\/h3><\/div><!-- \/.sc_title --><div class=\"vc_empty_space  sc_height_small height_small\"   style=\"height: 32px\"><span class=\"vc_empty_space_inner\"><\/span><\/div>\n\t<div class=\"wpb_text_column wpb_content_element\" >\n\t\t<div class=\"wpb_wrapper\">\n\t\t\t<p>ARBA SHPK \u00ebsht\u00eb nj\u00eb shoq\u00ebri tregtare dhe nj\u00eb pik\u00eb referimi e r\u00ebnd\u00ebsishme p\u00ebr klientel\u00ebn.<br \/>\nKa nje siperfaqe prej mbi 1500 m2. Ajo u themelua n\u00eb Durr\u00ebs n\u00eb vitin 1999 nga z. Arben Dervish. Kompania n\u00eb fillimet e saj ishte e p\u00ebrkushtuar kryesisht n\u00eb sektorin e aksesor\u00ebve t\u00eb dyerve dhe dritareve prej alumini dhe druri. Politika e kompanis\u00eb \u00ebsht\u00eb t\u00eb prezantoj\u00eb n\u00eb treg aksesor\u00ebt m\u00eb cil\u00ebsor\u00eb t\u00eb markave m\u00eb t\u00eb famshme evropiane. Hulumtimi i tregut nd\u00ebr vite dhe zhvillimi i vendit shum\u00eb shpejt n\u00eb infrastruktur\u00eb, solli nevoj\u00ebn e zgjerimit t\u00eb gam\u00ebs s\u00eb sh\u00ebrbimeve duke futur sektorin e automatizimit t\u00eb dyerve, dritareve dhe portave dhe duke futur risi t\u00eb reja si sip\u00ebrmarrja e prodhimit t\u00eb aksesor\u00ebve p\u00ebr grila persiane. Gjat\u00eb viteve t\u00eb aktivitetit, kompania g\u00ebzon edhe partneritete t\u00eb shumta me firma t\u00eb njohura si ISEO AGB PRODUCTA OMEC LAVAAL APRIMATIC dhe<br \/>\nshum\u00eb marka t\u00eb tjera. Kompania jon\u00eb ndodhet n\u00eb nj\u00eb pozicion ideal n\u00eb lidhje me vendet<br \/>\nfqinj\u00ebt mjaft leht\u00eb, ka mund\u00ebsuar shtrirjen e sh\u00ebrbimeve q\u00eb ofrojm\u00eb edhe jasht\u00eb kufijve si n\u00eb Kosov\u00eb, Mal t\u00eb Zi dhe Maqedoni. ARBA shfaqet gjithmon\u00eb n\u00eb treg me risit\u00eb, risit\u00eb dhe projektet e reja duke diversifikuar \u00e7do dit\u00eb gam\u00ebn e sh\u00ebrbimeve dhe shum\u00ebllojshm\u00ebrin\u00eb e zgjedhjes s\u00eb produktit ideal q\u00eb plot\u00ebson \u00e7do nevoj\u00eb q\u00eb tregu ka. Filozofia e kompanis\u00eb ton\u00eb \u00ebsht\u00eb vendosja e standardeve n\u00eb ofrimin e produkteve q\u00eb ofrojm\u00eb.<\/p>\n\n\t\t<\/div>\n\t<\/div>\n<div class=\"vc_empty_space  sc_height_small height_small\"   style=\"height: 32px\"><span class=\"vc_empty_space_inner\"><\/span><\/div><div class=\"vc_row wpb_row vc_inner vc_row-fluid\"><div class=\"wpb_column vc_column_container vc_col-sm-6 sc_layouts_column_icons_position_left\"><div class=\"vc_column-inner\"><div class=\"wpb_wrapper\">\n\t<div class=\"wpb_text_column wpb_content_element\" >\n\t\t<div class=\"wpb_wrapper\">\n\t\t\t<ul class=\"trx_addons_list_custom\">\n<li>Aksesor\u00eb p\u00ebr dyer dhe dritare<\/li>\n<li>Accessories for Persian shutters<\/li>\n<\/ul>\n\n\t\t<\/div>\n\t<\/div>\n<\/div><\/div><\/div><div class=\"wpb_column vc_column_container vc_col-sm-6 sc_layouts_column_icons_position_left\"><div class=\"vc_column-inner\"><div class=\"wpb_wrapper\">\n\t<div class=\"wpb_text_column wpb_content_element\" >\n\t\t<div class=\"wpb_wrapper\">\n\t\t\t<ul class=\"trx_addons_list_custom\">\n<li>Gaskets for doors, windows and facades<\/li>\n<li>Automatizimi<\/li>\n<\/ul>\n\n\t\t<\/div>\n\t<\/div>\n<\/div><\/div><\/div><\/div><div class=\"vc_empty_space  sc_height_large height_large\"   style=\"height: 32px\"><span class=\"vc_empty_space_inner\"><\/span><\/div><div class=\"vc_empty_space  vc_custom_1512037122542 sc_height_large height_large\"   style=\"height: 32px\"><span class=\"vc_empty_space_inner\"><\/span><\/div><\/div><\/div><\/div><\/div><\/section><div class=\"vc_row wpb_row vc_row-fluid vc_row-o-content-middle vc_row-flex\"><div class=\"wpb_column vc_column_container vc_col-sm-3 sc_layouts_column_icons_position_left\"><div class=\"vc_column-inner\"><div class=\"wpb_wrapper\"><\/div><\/div><\/div><div class=\"wpb_column vc_column_container vc_col-sm-9 vc_col-sm-offset-1 sc_layouts_column_icons_position_left\"><div class=\"vc_column-inner\"><div class=\"wpb_wrapper\"><\/div><\/div><\/div><\/div><div data-vc-full-width=\"true\" data-vc-full-width-init=\"false\" data-vc-stretch-content=\"true\" class=\"vc_row wpb_row vc_row-fluid vc_custom_1512047648831 vc_row-has-fill vc_row-no-padding\"><div class=\"wpb_column vc_column_container vc_col-sm-12 sc_layouts_column_icons_position_left\"><div class=\"vc_column-inner\"><div class=\"wpb_wrapper\"><div class=\"vc_empty_space\"   style=\"height: 30px\"><span class=\"vc_empty_space_inner\"><\/span><\/div><\/div><\/div><\/div><\/div><div class=\"vc_row-full-width vc_clearfix\"><\/div><div data-vc-full-width=\"true\" data-vc-full-width-init=\"false\" class=\"vc_row wpb_row vc_row-fluid vc_custom_1706979927968 vc_row-has-fill\"><div class=\"wpb_column vc_column_container vc_col-sm-12 sc_layouts_column_icons_position_left\"><div class=\"vc_column-inner\"><div class=\"wpb_wrapper\"><div class=\"vc_empty_space  vc_custom_1512047763615 sc_height_large height_large\"   style=\"height: 32px\"><span class=\"vc_empty_space_inner\"><\/span><\/div><\/div><\/div><\/div><div class=\"wpb_column vc_column_container vc_col-sm-6 sc_layouts_column_icons_position_left scheme_dark\"><div class=\"vc_column-inner\"><div class=\"wpb_wrapper\"><div id=\"\"\r\n\t\tclass=\"sc_title color_style_default scheme_default sc_title_default  vc_custom_1706978510138\"><h6 class=\"sc_item_subtitle sc_title_subtitle sc_align_left sc_item_title_style_default\">Rreth nesh<\/h6><h3 class=\"sc_item_title sc_title_title sc_align_left sc_item_title_style_default sc_item_title_tag\">ARBA SHPK<\/h3><\/div><!-- \/.sc_title --><div class=\"vc_empty_space  vc_custom_1512048132968 sc_height_small height_small\"   style=\"height: 32px\"><span class=\"vc_empty_space_inner\"><\/span><\/div>\n\t<div class=\"wpb_text_column wpb_content_element\" >\n\t\t<div class=\"wpb_wrapper\">\n\t\t\t<p>T\u00eb gjith\u00eb aksesor\u00ebt q\u00eb ofrojm\u00eb vijn\u00eb nga zyrat e kompanis\u00eb son\u00eb me partner\u00ebt tan\u00eb italian\u00eb. Objektivi yn\u00eb \u00ebsht\u00eb t\u00eb sigurojm\u00eb cil\u00ebsi maksimale n\u00eb produktet q\u00eb ofrojm\u00eb, ndaj jemi kujdesur q\u00eb t\u00eb sjellim markat m\u00eb cil\u00ebsore n\u00eb tregun europian p\u00ebr t'ju ofruar garanci p\u00ebr \u00e7do produkt q\u00eb ofrojm\u00eb.<\/p>\n\n\t\t<\/div>\n\t<\/div>\n<div class=\"vc_empty_space  vc_custom_1512048284110 sc_height_tiny height_tiny\"   style=\"height: 32px\"><span class=\"vc_empty_space_inner\"><\/span><\/div><div class=\"vc_progress_bar wpb_content_element  vc_progress-bar-color-bar_grey vc_progress_bar_narrow vc_progress_bar_narrow\" ><div class=\"vc_general vc_single_bar\"><small class=\"vc_label\">Standart <span class=\"vc_label_units\">100%<\/span><\/small><span class=\"vc_bar\" data-percentage-value=\"100\" data-value=\"100\"><\/span><\/div><div class=\"vc_general vc_single_bar\"><small class=\"vc_label\">Besueshm\u00ebri <span class=\"vc_label_units\">100%<\/span><\/small><span class=\"vc_bar\" data-percentage-value=\"100\" data-value=\"100\"><\/span><\/div><div class=\"vc_general vc_single_bar\"><small class=\"vc_label\">Profesionaliz\u00ebm <span class=\"vc_label_units\">100%<\/span><\/small><span class=\"vc_bar\" data-percentage-value=\"100\" data-value=\"100\"><\/span><\/div><\/div><\/div><\/div><\/div><div class=\"wpb_column vc_column_container vc_col-sm-5 vc_col-sm-offset-1 sc_layouts_column_icons_position_left\"><div class=\"vc_column-inner\"><div class=\"wpb_wrapper\"><div class=\"vc_row wpb_row vc_inner vc_row-fluid\"><div class=\"wpb_column vc_column_container vc_col-sm-12 vc_hidden-lg vc_hidden-md vc_hidden-sm sc_layouts_column_icons_position_left\"><div class=\"vc_column-inner\"><div class=\"wpb_wrapper\"><div class=\"vc_empty_space  sc_height_medium height_medium\"   style=\"height: 32px\"><span class=\"vc_empty_space_inner\"><\/span><\/div><\/div><\/div><\/div><\/div><div id=\"\"\r\n\t\tclass=\"sc_content color_style_default sc_content_default sc_float_center sc_align_center sc_padding_large  vc_custom_1512048456124\"><div class=\"sc_content_container\"><div id=\"\"\r\n\t\tclass=\"sc_title color_style_default sc_title_default without_icon\"><h6 class=\"sc_item_subtitle sc_title_subtitle sc_align_center sc_item_title_style_default\">Ne jemi k\u00ebtu p\u00ebr t\u00eb ndihmuar<\/h6><h3 class=\"sc_item_title sc_title_title sc_align_center sc_item_title_style_default sc_item_title_tag\">Keni nevoj\u00eb p\u00ebr k\u00ebshilla?<\/h3><\/div><!-- \/.sc_title --><div class=\"vc_empty_space  vc_custom_1512048990366 sc_height_small height_small\"   style=\"height: 32px\"><span class=\"vc_empty_space_inner\"><\/span><\/div>\n\t<div class=\"wpb_text_column wpb_content_element\" >\n\t\t<div class=\"wpb_wrapper\">\n\t\t\t<p>Na shkruani<\/p>\n\n\t\t<\/div>\n\t<\/div>\n<div class=\"vc_empty_space  sc_height_small height_small\"   style=\"height: 32px\"><span class=\"vc_empty_space_inner\"><\/span><\/div><a href=\"https:\/\/arbashpk.al\/sq\/contacts\/\" class=\"sc_button color_style_default sc_button_default sc_button_size_normal sc_button_with_icon sc_button_icon_right\"><span class=\"sc_button_icon\"><span class=\"icon-014_arrow-1\"><\/span><\/span><span class=\"sc_button_text\"><span class=\"sc_button_title\">k\u00ebrkoni nj\u00eb telefonat\u00eb<\/span><\/span><!-- \/.sc_button_text --><\/a><!-- \/.sc_button --><div class=\"vc_empty_space  vc_custom_1512049224037 sc_height_tiny height_tiny\"   style=\"height: 32px\"><span class=\"vc_empty_space_inner\"><\/span><\/div><\/div><\/div><!-- \/.sc_content --><\/div><\/div><\/div><div class=\"wpb_column vc_column_container vc_col-sm-12 sc_layouts_column_icons_position_left\"><div class=\"vc_column-inner\"><div class=\"wpb_wrapper\"><div class=\"vc_empty_space  vc_custom_1512049228153 sc_height_huge height_huge\"   style=\"height: 32px\"><span class=\"vc_empty_space_inner\"><\/span><\/div><\/div><\/div><\/div><\/div><div class=\"vc_row-full-width vc_clearfix\"><\/div><div class=\"vc_row wpb_row vc_row-fluid\"><div class=\"wpb_column vc_column_container vc_col-sm-12 sc_layouts_column_icons_position_left\"><div class=\"vc_column-inner\"><div class=\"wpb_wrapper\"><div class=\"vc_empty_space  vc_custom_1512049228153 sc_height_huge height_huge\"   style=\"height: 32px\"><span class=\"vc_empty_space_inner\"><\/span><\/div><\/div><\/div><\/div><\/div><div class=\"vc_row wpb_row vc_row-fluid vc_custom_1706979016596 vc_row-has-fill\"><div class=\"wpb_column vc_column_container vc_col-sm-6 sc_layouts_column_icons_position_left\"><div class=\"vc_column-inner\"><div class=\"wpb_wrapper\"><div id=\"\"\r\n\t\tclass=\"sc_title color_style_default sc_title_default\"><h6 class=\"sc_item_subtitle sc_title_subtitle sc_align_left sc_item_title_style_default\">pse te zgjidhni arba shpk<\/h6><h4 class=\"sc_item_title sc_title_title sc_align_left sc_item_title_style_default sc_item_title_tag\">Lider ne treg<\/h4><\/div><!-- \/.sc_title --><div class=\"vc_empty_space  sc_height_tiny height_tiny\"   style=\"height: 32px\"><span class=\"vc_empty_space_inner\"><\/span><\/div>\n\t<div class=\"wpb_text_column wpb_content_element\" >\n\t\t<div class=\"wpb_wrapper\">\n\t\t\t<p>Vizioni yn\u00eb \u00ebsht\u00eb t\u00eb ofrojm\u00eb sh\u00ebrbim maksimal p\u00ebr klient\u00ebt tan\u00eb duke p\u00ebrmbushur pritshm\u00ebrit\u00eb e tyre m\u00eb t\u00eb larta!<\/p>\n\n\t\t<\/div>\n\t<\/div>\n<\/div><\/div><\/div><div class=\"wpb_column vc_column_container vc_col-sm-6 sc_layouts_column_icons_position_left\"><div class=\"vc_column-inner\"><div class=\"wpb_wrapper\">\n\t<div  class=\"wpb_single_image wpb_content_element vc_align_center\">\n\t\t\n\t\t<figure class=\"wpb_wrapper vc_figure\">\n\t\t\t<div class=\"vc_single_image-wrapper vc_box_shadow_border  vc_box_border_grey\"><img decoding=\"async\" width=\"1024\" height=\"1024\" src=\"https:\/\/arbashpk.al\/wp-content\/uploads\/2024\/01\/Janar-2-1024x1024.png\" class=\"vc_single_image-img attachment-large\" alt=\"\" title=\"Janar 2\" srcset=\"https:\/\/arbashpk.al\/wp-content\/uploads\/2024\/01\/Janar-2-1024x1024.png 1024w, https:\/\/arbashpk.al\/wp-content\/uploads\/2024\/01\/Janar-2-300x300.png 300w, https:\/\/arbashpk.al\/wp-content\/uploads\/2024\/01\/Janar-2-150x150.png 150w, https:\/\/arbashpk.al\/wp-content\/uploads\/2024\/01\/Janar-2-768x768.png 768w, https:\/\/arbashpk.al\/wp-content\/uploads\/2024\/01\/Janar-2-370x370.png 370w, https:\/\/arbashpk.al\/wp-content\/uploads\/2024\/01\/Janar-2-172x172.png 172w, https:\/\/arbashpk.al\/wp-content\/uploads\/2024\/01\/Janar-2-760x760.png 760w, https:\/\/arbashpk.al\/wp-content\/uploads\/2024\/01\/Janar-2.png 1080w\" sizes=\"(max-width: 1024px) 100vw, 1024px\" \/><\/div>\n\t\t<\/figure>\n\t<\/div>\n<\/div><\/div><\/div><\/div><div class=\"vc_row wpb_row vc_row-fluid\"><div class=\"wpb_column vc_column_container vc_col-sm-12 sc_layouts_column_icons_position_left\"><div class=\"vc_column-inner\"><div class=\"wpb_wrapper\"><div class=\"vc_empty_space  vc_custom_1512049394944 sc_height_medium height_medium\"   style=\"height: 32px\"><span class=\"vc_empty_space_inner\"><\/span><\/div><div id=\"\"\r\n\t\tclass=\"sc_title color_style_default sc_title_default\"><h6 class=\"sc_item_subtitle sc_title_subtitle sc_align_center sc_item_title_style_default\">Our<\/h6><h3 class=\"sc_item_title sc_title_title sc_align_center sc_item_title_style_default\">Partner\u00ebt<\/h3><\/div><!-- \/.sc_title --><div class=\"vc_empty_space  vc_custom_1512049431873 sc_height_medium height_medium\"   style=\"height: 32px\"><span class=\"vc_empty_space_inner\"><\/span><\/div><div class=\"wpb_images_carousel wpb_content_element vc_clearfix\"><div class=\"wpb_wrapper\"><div id=\"vc_images-carousel-1-1776038131\" data-ride=\"vc_carousel\" data-wrap=\"true\" style=\"width: 100%;\" data-interval=\"5000\" data-auto-height=\"yes\" data-mode=\"horizontal\" data-partial=\"false\" data-per-view=\"6\" data-hide-on-end=\"false\" class=\"vc_slide vc_images_carousel\"><div class=\"vc_carousel-inner\"><div class=\"vc_carousel-slideline\"><div class=\"vc_carousel-slideline-inner\"><div class=\"vc_item\"><div class=\"vc_inner\"><img decoding=\"async\" width=\"300\" height=\"200\" src=\"https:\/\/arbashpk.al\/wp-content\/uploads\/2024\/01\/uniflex.png\" class=\"attachment-full\" alt=\"\" title=\"uniflex\" \/><\/div><\/div><div class=\"vc_item\"><div class=\"vc_inner\"><img loading=\"lazy\" decoding=\"async\" width=\"300\" height=\"200\" src=\"https:\/\/arbashpk.al\/wp-content\/uploads\/2024\/01\/ragni.png\" class=\"attachment-full\" alt=\"\" title=\"ragni\" \/><\/div><\/div><div class=\"vc_item\"><div class=\"vc_inner\"><img loading=\"lazy\" decoding=\"async\" width=\"300\" height=\"200\" src=\"https:\/\/arbashpk.al\/wp-content\/uploads\/2024\/01\/potent.png\" class=\"attachment-full\" alt=\"\" title=\"potent\" \/><\/div><\/div><div class=\"vc_item\"><div class=\"vc_inner\"><img loading=\"lazy\" decoding=\"async\" width=\"300\" height=\"200\" src=\"https:\/\/arbashpk.al\/wp-content\/uploads\/2024\/01\/omec.png\" class=\"attachment-full\" alt=\"\" title=\"omec\" \/><\/div><\/div><div class=\"vc_item\"><div class=\"vc_inner\"><img loading=\"lazy\" decoding=\"async\" width=\"300\" height=\"200\" src=\"https:\/\/arbashpk.al\/wp-content\/uploads\/2024\/01\/new-logo-fratelli-mariani.jpg\" class=\"attachment-full\" alt=\"\" title=\"new-logo-fratelli-mariani\" \/><\/div><\/div><div class=\"vc_item\"><div class=\"vc_inner\"><img loading=\"lazy\" decoding=\"async\" width=\"300\" height=\"200\" src=\"https:\/\/arbashpk.al\/wp-content\/uploads\/2024\/01\/lavaal.jpg\" class=\"attachment-full\" alt=\"\" title=\"lavaal\" \/><\/div><\/div><div class=\"vc_item\"><div class=\"vc_inner\"><img loading=\"lazy\" decoding=\"async\" width=\"300\" height=\"200\" src=\"https:\/\/arbashpk.al\/wp-content\/uploads\/2024\/01\/iseo.png\" class=\"attachment-full\" alt=\"\" title=\"iseo\" \/><\/div><\/div><div class=\"vc_item\"><div class=\"vc_inner\"><img loading=\"lazy\" decoding=\"async\" width=\"300\" height=\"200\" src=\"https:\/\/arbashpk.al\/wp-content\/uploads\/2024\/01\/giesse.png\" class=\"attachment-full\" alt=\"\" title=\"giesse\" \/><\/div><\/div><div class=\"vc_item\"><div class=\"vc_inner\"><img loading=\"lazy\" decoding=\"async\" width=\"300\" height=\"200\" src=\"https:\/\/arbashpk.al\/wp-content\/uploads\/2024\/01\/ff.jpg\" class=\"attachment-full\" alt=\"\" title=\"ff\" \/><\/div><\/div><div class=\"vc_item\"><div class=\"vc_inner\"><img loading=\"lazy\" decoding=\"async\" width=\"300\" height=\"200\" src=\"https:\/\/arbashpk.al\/wp-content\/uploads\/2024\/01\/fadex.png\" class=\"attachment-full\" alt=\"\" title=\"fadex\" \/><\/div><\/div><div class=\"vc_item\"><div class=\"vc_inner\"><img loading=\"lazy\" decoding=\"async\" width=\"300\" height=\"200\" src=\"https:\/\/arbashpk.al\/wp-content\/uploads\/2024\/01\/comit.png\" class=\"attachment-full\" alt=\"\" title=\"comit\" \/><\/div><\/div><div class=\"vc_item\"><div class=\"vc_inner\"><img loading=\"lazy\" decoding=\"async\" width=\"300\" height=\"200\" src=\"https:\/\/arbashpk.al\/wp-content\/uploads\/2024\/01\/cisa.png\" class=\"attachment-full\" alt=\"\" title=\"cisa\" \/><\/div><\/div><div class=\"vc_item\"><div class=\"vc_inner\"><img loading=\"lazy\" decoding=\"async\" width=\"300\" height=\"200\" src=\"https:\/\/arbashpk.al\/wp-content\/uploads\/2024\/01\/carnimeoferramentavettoriale-1024x262-1.jpg\" class=\"attachment-full\" alt=\"\" title=\"carnimeoferramentavettoriale-1024x262\" \/><\/div><\/div><div class=\"vc_item\"><div class=\"vc_inner\"><img loading=\"lazy\" decoding=\"async\" width=\"300\" height=\"200\" src=\"https:\/\/arbashpk.al\/wp-content\/uploads\/2024\/01\/automotion.jpg\" class=\"attachment-full\" alt=\"\" title=\"automotion\" \/><\/div><\/div><div class=\"vc_item\"><div class=\"vc_inner\"><img loading=\"lazy\" decoding=\"async\" width=\"300\" height=\"200\" src=\"https:\/\/arbashpk.al\/wp-content\/uploads\/2024\/01\/aprimatic.png\" class=\"attachment-full\" alt=\"\" title=\"aprimatic\" \/><\/div><\/div><div class=\"vc_item\"><div class=\"vc_inner\"><img loading=\"lazy\" decoding=\"async\" width=\"300\" height=\"200\" src=\"https:\/\/arbashpk.al\/wp-content\/uploads\/2024\/01\/agb.png\" class=\"attachment-full\" alt=\"\" title=\"agb\" \/><\/div><\/div><div class=\"vc_item\"><div class=\"vc_inner\"><img loading=\"lazy\" decoding=\"async\" width=\"300\" height=\"200\" src=\"https:\/\/arbashpk.al\/wp-content\/uploads\/2024\/01\/adfors.png\" class=\"attachment-full\" alt=\"\" title=\"adfors\" \/><\/div><\/div><div class=\"vc_item\"><div class=\"vc_inner\"><img loading=\"lazy\" decoding=\"async\" width=\"300\" height=\"200\" src=\"https:\/\/arbashpk.al\/wp-content\/uploads\/2024\/01\/648-cervellini-armenia.jpg\" class=\"attachment-full\" alt=\"\" title=\"648-cervellini-armenia\" \/><\/div><\/div><\/div><\/div><\/div><a class=\"vc_left vc_carousel-control\" href=\"#vc_images-carousel-1-1776038131\" data-slide=\"prev\"><span class=\"icon-prev\"><\/span><\/a><a class=\"vc_right vc_carousel-control\" href=\"#vc_images-carousel-1-1776038131\" data-slide=\"next\"><span class=\"icon-next\"><\/span><\/a><\/div><\/div><\/div><\/div><\/div><\/div><\/div>","protected":false},"excerpt":{"rendered":"About usARBA SHPK ARBA SHPK is a trading company and an important point of reference for the clientele. It covers an area of over 1500 m2. It was founded in Durr\u00ebs in 1999 by Mr. Arben Dervish. The company in its beginnings was mainly devoted to the sector of door accessories and aluminum and wood windows. The company's policy is&hellip;","protected":false},"author":1,"featured_media":0,"parent":0,"menu_order":0,"comment_status":"closed","ping_status":"closed","template":"","meta":{"footnotes":""},"class_list":["post-316","page","type-page","status-publish","hentry"],"_links":{"self":[{"href":"https:\/\/arbashpk.al\/sq\/wp-json\/wp\/v2\/pages\/316","targetHints":{"allow":["GET"]}}],"collection":[{"href":"https:\/\/arbashpk.al\/sq\/wp-json\/wp\/v2\/pages"}],"about":[{"href":"https:\/\/arbashpk.al\/sq\/wp-json\/wp\/v2\/types\/page"}],"author":[{"embeddable":true,"href":"https:\/\/arbashpk.al\/sq\/wp-json\/wp\/v2\/users\/1"}],"replies":[{"embeddable":true,"href":"https:\/\/arbashpk.al\/sq\/wp-json\/wp\/v2\/comments?post=316"}],"version-history":[{"count":70,"href":"https:\/\/arbashpk.al\/sq\/wp-json\/wp\/v2\/pages\/316\/revisions"}],"predecessor-version":[{"id":1898,"href":"https:\/\/arbashpk.al\/sq\/wp-json\/wp\/v2\/pages\/316\/revisions\/1898"}],"wp:attachment":[{"href":"https:\/\/arbashpk.al\/sq\/wp-json\/wp\/v2\/media?parent=316"}],"curies":[{"name":"wp","href":"https:\/\/api.w.org\/{rel}","templated":true}]}}